{"id":8809,"date":"2025-04-04T10:25:05","date_gmt":"2023-08-03T13:02:33","guid":{"rendered":"http:\/\/novaimovina.cin.ba\/?page_id=8809"},"modified":"2025-04-04T10:25:05","modified_gmt":"2025-04-04T08:25:05","slug":"o-imovini-sudija-i-tuzilaca","status":"publish","type":"page","link":"https:\/\/imovinapoliticara.cin.ba\/imovina-sudija-i-tuzilaca\/o-imovini-sudija-i-tuzilaca\/","title":{"rendered":"O imovini sudija i tu\u017eilaca"},"content":{"rendered":"\t\t<div data-elementor-type=\"wp-post\" data-elementor-id=\"8809\" class=\"elementor elementor-8809\" data-elementor-post-type=\"page\">\n\t\t\t\t\t\t<section class=\"has_ae_slider elementor-section elementor-top-section elementor-element elementor-element-865ce6e elementor-section-boxed elementor-section-height-default elementor-section-height-default ae-bg-gallery-type-default\" data-id=\"865ce6e\" data-element_type=\"section\">\n\t\t\t\t\t\t<div class=\"elementor-container elementor-column-gap-default\">\n\t\t\t\t\t<div class=\"has_ae_slider elementor-column elementor-col-100 elementor-top-column elementor-element elementor-element-547d09b ae-bg-gallery-type-default\" data-id=\"547d09b\" data-element_type=\"column\">\n\t\t\t<div class=\"elementor-widget-wrap elementor-element-populated\">\n\t\t\t\t\t\t<div class=\"elementor-element elementor-element-8696c2b elementor-widget elementor-widget-heading\" data-id=\"8696c2b\" data-element_type=\"widget\" data-widget_type=\"heading.default\">\n\t\t\t\t<div class=\"elementor-widget-container\">\n\t\t\t\t\t<h1 class=\"elementor-heading-title elementor-size-default\">O IMOVINI SUDIJA I TU\u017dILACA<\/h1>\t\t\t\t<\/div>\n\t\t\t\t<\/div>\n\t\t\t\t<div class=\"elementor-element elementor-element-a3fd56f elementor-widget elementor-widget-text-editor\" data-id=\"a3fd56f\" data-element_type=\"widget\" data-widget_type=\"text-editor.default\">\n\t\t\t\t<div class=\"elementor-widget-container\">\n\t\t\t\t\t\t\t\t\t<p>Ovo je baza podataka o prihodima te pokretnoj i nepokretnoj imovini 58 sudija i tu\u017eilaca u Bosni i Hercegovini.\u00a0 Osim nosilaca pravosudnih funkcija koje bira i imenuje VSTV, u bazi su i podaci o sudijama ustavnih sudova koje biraju nadle\u017eni parlamenti.<\/p><p>\u00a0<\/p><p>Bazu podataka \u010dine informacije o njihovom obrazovanju i karijeri, nekretninama, automobilima, u\u0161te\u0111evini i kreditima. Na raspolaganju su i informacije o tu\u017ebama, sudskim i disciplinskim postupcima koji su vo\u0111eni ili se vode protiv sudija i tu\u017eilaca. Novinari CIN-a ove podatke prikupljaju od 2019. godine i periodi\u010dno ih osvje\u017eavaju novim informacijama.<\/p><p>\u00a0<\/p><p>U skladu sa aktuelno\u0161\u0107u pozicije i posljednjom dopunom podataka, profili su organizovani u grupe \u2212 aktivni i neaktivni. Aktivne profile periodi\u010dno a\u017euriramo i podrazumijevaju osobu koja je trenutno na poziciji. Me\u0111u neaktivnima su profili biv\u0161ih i preminulih sudija i tu\u017eilaca.<\/p><p>\u00a0<\/p><p>Informacija o posljednjem a\u017euriranju je dostupna na svakom profilu.<\/p><p><br \/>Prema Zakonu o VSTV-u, sudije i tu\u017eioci svake godine podnose ovom vije\u0107u finansijske izvje\u0161taje u kojima navode \u0161ta su tokom godine radili i koliko novca su za to primili. Izvje\u0161taji uklju\u010duju informacije o bra\u010dnim drugovima i djeci sa kojom \u017eive. Ti podaci nikada nisu bili dostupni javnosti. CIN je 2015. godine zatra\u017eio ove izvje\u0161taje, ali VSTV ih je odbio dostaviti, uz obrazlo\u017eenje da bi time mogla biti povrije\u0111ena privatnost ovih osoba. U Agenciji za za\u0161titu li\u010dnih podataka su ovo smatrali zloupotrebom prava, navode\u0107i da se institucije neosnovano pozivaju na za\u0161titu li\u010dnih podataka i donose proizvoljne odluke te da bi trebale cijeniti javni interes i objaviti ove informacije.<\/p><p>\u00a0<\/p><p>CIN \u0107e bazu dopunjavati novim profilima sudija i tu\u017eilaca.<\/p>\t\t\t\t\t\t\t\t<\/div>\n\t\t\t\t<\/div>\n\t\t\t\t\t<\/div>\n\t\t<\/div>\n\t\t\t\t\t<\/div>\n\t\t<\/section>\n\t\t\t\t<\/div>\n\t\t","protected":false},"excerpt":{"rendered":"<p>O IMOVINI SUDIJA I TU\u017dILACA Ovo je baza podataka o prihodima te pokretnoj i nepokretnoj imovini 58 sudija i tu\u017eilaca u Bosni i Hercegovini.\u00a0 Osim nosilaca pravosudnih funkcija koje bira i imenuje VSTV, u bazi su i podaci o sudijama ustavnih sudova koje biraju nadle\u017eni parlamenti. \u00a0 Bazu podataka \u010dine informacije o njihovom obrazovanju i [&hellip;]<\/p>\n","protected":false},"author":1,"featured_media":0,"parent":0,"menu_order":0,"comment_status":"closed","ping_status":"closed","template":"elementor_header_footer","meta":{"_acf_changed":false,"_monsterinsights_skip_tracking":false,"_monsterinsights_sitenote_active":false,"_monsterinsights_sitenote_note":"","_monsterinsights_sitenote_category":0,"footnotes":""},"class_list":["post-8809","page","type-page","status-publish","hentry"],"acf":[],"yoast_head":"<!-- This site is optimized with the Yoast SEO plugin v24.8.1 - https:\/\/yoast.com\/wordpress\/plugins\/seo\/ -->\n<title>O imovini sudija i tu\u017eilaca - Imovina sudija i tu\u017eilaca u Bosni i Hercegovini<\/title>\n<meta name=\"robots\" content=\"index, follow, max-snippet:-1, max-image-preview:large, max-video-preview:-1\" \/>\n<link rel=\"canonical\" href=\"https:\/\/imovinapoliticara.cin.ba\/imovina-sudija-i-tuzilaca\/o-imovini-sudija-i-tuzilaca\/\" \/>\n<meta property=\"og:locale\" content=\"bs_BA\" \/>\n<meta property=\"og:type\" content=\"article\" \/>\n<meta property=\"og:title\" content=\"O imovini sudija i tu\u017eilaca - Imovina sudija i tu\u017eilaca u Bosni i Hercegovini\" \/>\n<meta property=\"og:description\" content=\"O IMOVINI SUDIJA I TU\u017dILACA Ovo je baza podataka o prihodima te pokretnoj i nepokretnoj imovini 58 sudija i tu\u017eilaca u Bosni i Hercegovini.\u00a0 Osim nosilaca pravosudnih funkcija koje bira i imenuje VSTV, u bazi su i podaci o sudijama ustavnih sudova koje biraju nadle\u017eni parlamenti. \u00a0 Bazu podataka \u010dine informacije o njihovom obrazovanju i [&hellip;]\" \/>\n<meta property=\"og:url\" content=\"https:\/\/imovinapoliticara.cin.ba\/imovina-sudija-i-tuzilaca\/o-imovini-sudija-i-tuzilaca\/\" \/>\n<meta property=\"og:site_name\" content=\"Imovina sudija i tu\u017eilaca u Bosni i Hercegovini\" \/>\n<meta property=\"article:modified_time\" content=\"2025-04-04T08:25:05+00:00\" \/>\n<meta property=\"og:image\" content=\"https:\/\/imovinapoliticara.cin.ba\/imovina-sudija-i-tuzilaca\/wp-content\/uploads\/2024\/04\/baza-imovina-sudija.png\" \/>\n\t<meta property=\"og:image:width\" content=\"1200\" \/>\n\t<meta property=\"og:image:height\" content=\"630\" \/>\n\t<meta property=\"og:image:type\" content=\"image\/png\" \/>\n<meta name=\"twitter:card\" content=\"summary_large_image\" \/>\n<meta name=\"twitter:label1\" content=\"Est. reading time\" \/>\n\t<meta name=\"twitter:data1\" content=\"2 minute\" \/>\n<script type=\"application\/ld+json\" class=\"yoast-schema-graph\">{\"@context\":\"https:\/\/schema.org\",\"@graph\":[{\"@type\":\"WebPage\",\"@id\":\"https:\/\/imovinapoliticara.cin.ba\/imovina-sudija-i-tuzilaca\/o-imovini-sudija-i-tuzilaca\/\",\"url\":\"https:\/\/imovinapoliticara.cin.ba\/imovina-sudija-i-tuzilaca\/o-imovini-sudija-i-tuzilaca\/\",\"name\":\"O imovini sudija i tu\u017eilaca - Imovina sudija i tu\u017eilaca u Bosni i Hercegovini\",\"isPartOf\":{\"@id\":\"https:\/\/imovinapoliticara.cin.ba\/imovina-sudija-i-tuzilaca\/#website\"},\"datePublished\":\"2023-08-03T13:02:33+00:00\",\"dateModified\":\"2025-04-04T08:25:05+00:00\",\"breadcrumb\":{\"@id\":\"https:\/\/imovinapoliticara.cin.ba\/imovina-sudija-i-tuzilaca\/o-imovini-sudija-i-tuzilaca\/#breadcrumb\"},\"inLanguage\":\"bs-BA\",\"potentialAction\":[{\"@type\":\"ReadAction\",\"target\":[\"https:\/\/imovinapoliticara.cin.ba\/imovina-sudija-i-tuzilaca\/o-imovini-sudija-i-tuzilaca\/\"]}]},{\"@type\":\"BreadcrumbList\",\"@id\":\"https:\/\/imovinapoliticara.cin.ba\/imovina-sudija-i-tuzilaca\/o-imovini-sudija-i-tuzilaca\/#breadcrumb\",\"itemListElement\":[{\"@type\":\"ListItem\",\"position\":1,\"name\":\"Home\",\"item\":\"https:\/\/imovinapoliticara.cin.ba\/imovina-sudija-i-tuzilaca\/\"},{\"@type\":\"ListItem\",\"position\":2,\"name\":\"O imovini sudija i tu\u017eilaca\"}]},{\"@type\":\"WebSite\",\"@id\":\"https:\/\/imovinapoliticara.cin.ba\/imovina-sudija-i-tuzilaca\/#website\",\"url\":\"https:\/\/imovinapoliticara.cin.ba\/imovina-sudija-i-tuzilaca\/\",\"name\":\"Imovina sudija i tu\u017eilaca u Bosni i Hercegovini\",\"description\":\"\",\"publisher\":{\"@id\":\"https:\/\/imovinapoliticara.cin.ba\/imovina-sudija-i-tuzilaca\/#organization\"},\"alternateName\":\"Imovina sudija i tu\u017eilaca u Bosni i Hercegovini\",\"potentialAction\":[{\"@type\":\"SearchAction\",\"target\":{\"@type\":\"EntryPoint\",\"urlTemplate\":\"https:\/\/imovinapoliticara.cin.ba\/imovina-sudija-i-tuzilaca\/?s={search_term_string}\"},\"query-input\":{\"@type\":\"PropertyValueSpecification\",\"valueRequired\":true,\"valueName\":\"search_term_string\"}}],\"inLanguage\":\"bs-BA\"},{\"@type\":\"Organization\",\"@id\":\"https:\/\/imovinapoliticara.cin.ba\/imovina-sudija-i-tuzilaca\/#organization\",\"name\":\"Imovina sudija i tu\u017eilaca u Bosni i Hercegovini\",\"url\":\"https:\/\/imovinapoliticara.cin.ba\/imovina-sudija-i-tuzilaca\/\",\"logo\":{\"@type\":\"ImageObject\",\"inLanguage\":\"bs-BA\",\"@id\":\"https:\/\/imovinapoliticara.cin.ba\/imovina-sudija-i-tuzilaca\/#\/schema\/logo\/image\/\",\"url\":\"https:\/\/imovinapoliticara.cin.ba\/imovina-sudija-i-tuzilaca\/wp-content\/uploads\/2022\/04\/logo.png\",\"contentUrl\":\"https:\/\/imovinapoliticara.cin.ba\/imovina-sudija-i-tuzilaca\/wp-content\/uploads\/2022\/04\/logo.png\",\"width\":669,\"height\":90,\"caption\":\"Imovina sudija i tu\u017eilaca u Bosni i Hercegovini\"},\"image\":{\"@id\":\"https:\/\/imovinapoliticara.cin.ba\/imovina-sudija-i-tuzilaca\/#\/schema\/logo\/image\/\"}}]}<\/script>\n<!-- \/ Yoast SEO plugin. -->","yoast_head_json":{"title":"O imovini sudija i tu\u017eilaca - Imovina sudija i tu\u017eilaca u Bosni i Hercegovini","robots":{"index":"index","follow":"follow","max-snippet":"max-snippet:-1","max-image-preview":"max-image-preview:large","max-video-preview":"max-video-preview:-1"},"canonical":"https:\/\/imovinapoliticara.cin.ba\/imovina-sudija-i-tuzilaca\/o-imovini-sudija-i-tuzilaca\/","og_locale":"bs_BA","og_type":"article","og_title":"O imovini sudija i tu\u017eilaca - Imovina sudija i tu\u017eilaca u Bosni i Hercegovini","og_description":"O IMOVINI SUDIJA I TU\u017dILACA Ovo je baza podataka o prihodima te pokretnoj i nepokretnoj imovini 58 sudija i tu\u017eilaca u Bosni i Hercegovini.\u00a0 Osim nosilaca pravosudnih funkcija koje bira i imenuje VSTV, u bazi su i podaci o sudijama ustavnih sudova koje biraju nadle\u017eni parlamenti. \u00a0 Bazu podataka \u010dine informacije o njihovom obrazovanju i [&hellip;]","og_url":"https:\/\/imovinapoliticara.cin.ba\/imovina-sudija-i-tuzilaca\/o-imovini-sudija-i-tuzilaca\/","og_site_name":"Imovina sudija i tu\u017eilaca u Bosni i Hercegovini","article_modified_time":"2025-04-04T08:25:05+00:00","og_image":[{"width":1200,"height":630,"url":"https:\/\/imovinapoliticara.cin.ba\/imovina-sudija-i-tuzilaca\/wp-content\/uploads\/2024\/04\/baza-imovina-sudija.png","type":"image\/png"}],"twitter_card":"summary_large_image","twitter_misc":{"Est. reading time":"2 minute"},"schema":{"@context":"https:\/\/schema.org","@graph":[{"@type":"WebPage","@id":"https:\/\/imovinapoliticara.cin.ba\/imovina-sudija-i-tuzilaca\/o-imovini-sudija-i-tuzilaca\/","url":"https:\/\/imovinapoliticara.cin.ba\/imovina-sudija-i-tuzilaca\/o-imovini-sudija-i-tuzilaca\/","name":"O imovini sudija i tu\u017eilaca - Imovina sudija i tu\u017eilaca u Bosni i Hercegovini","isPartOf":{"@id":"https:\/\/imovinapoliticara.cin.ba\/imovina-sudija-i-tuzilaca\/#website"},"datePublished":"2023-08-03T13:02:33+00:00","dateModified":"2025-04-04T08:25:05+00:00","breadcrumb":{"@id":"https:\/\/imovinapoliticara.cin.ba\/imovina-sudija-i-tuzilaca\/o-imovini-sudija-i-tuzilaca\/#breadcrumb"},"inLanguage":"bs-BA","potentialAction":[{"@type":"ReadAction","target":["https:\/\/imovinapoliticara.cin.ba\/imovina-sudija-i-tuzilaca\/o-imovini-sudija-i-tuzilaca\/"]}]},{"@type":"BreadcrumbList","@id":"https:\/\/imovinapoliticara.cin.ba\/imovina-sudija-i-tuzilaca\/o-imovini-sudija-i-tuzilaca\/#breadcrumb","itemListElement":[{"@type":"ListItem","position":1,"name":"Home","item":"https:\/\/imovinapoliticara.cin.ba\/imovina-sudija-i-tuzilaca\/"},{"@type":"ListItem","position":2,"name":"O imovini sudija i tu\u017eilaca"}]},{"@type":"WebSite","@id":"https:\/\/imovinapoliticara.cin.ba\/imovina-sudija-i-tuzilaca\/#website","url":"https:\/\/imovinapoliticara.cin.ba\/imovina-sudija-i-tuzilaca\/","name":"Imovina sudija i tu\u017eilaca u Bosni i Hercegovini","description":"","publisher":{"@id":"https:\/\/imovinapoliticara.cin.ba\/imovina-sudija-i-tuzilaca\/#organization"},"alternateName":"Imovina sudija i tu\u017eilaca u Bosni i Hercegovini","potentialAction":[{"@type":"SearchAction","target":{"@type":"EntryPoint","urlTemplate":"https:\/\/imovinapoliticara.cin.ba\/imovina-sudija-i-tuzilaca\/?s={search_term_string}"},"query-input":{"@type":"PropertyValueSpecification","valueRequired":true,"valueName":"search_term_string"}}],"inLanguage":"bs-BA"},{"@type":"Organization","@id":"https:\/\/imovinapoliticara.cin.ba\/imovina-sudija-i-tuzilaca\/#organization","name":"Imovina sudija i tu\u017eilaca u Bosni i Hercegovini","url":"https:\/\/imovinapoliticara.cin.ba\/imovina-sudija-i-tuzilaca\/","logo":{"@type":"ImageObject","inLanguage":"bs-BA","@id":"https:\/\/imovinapoliticara.cin.ba\/imovina-sudija-i-tuzilaca\/#\/schema\/logo\/image\/","url":"https:\/\/imovinapoliticara.cin.ba\/imovina-sudija-i-tuzilaca\/wp-content\/uploads\/2022\/04\/logo.png","contentUrl":"https:\/\/imovinapoliticara.cin.ba\/imovina-sudija-i-tuzilaca\/wp-content\/uploads\/2022\/04\/logo.png","width":669,"height":90,"caption":"Imovina sudija i tu\u017eilaca u Bosni i Hercegovini"},"image":{"@id":"https:\/\/imovinapoliticara.cin.ba\/imovina-sudija-i-tuzilaca\/#\/schema\/logo\/image\/"}}]}},"_links":{"self":[{"href":"https:\/\/imovinapoliticara.cin.ba\/imovina-sudija-i-tuzilaca\/wp-json\/wp\/v2\/pages\/8809","targetHints":{"allow":["GET"]}}],"collection":[{"href":"https:\/\/imovinapoliticara.cin.ba\/imovina-sudija-i-tuzilaca\/wp-json\/wp\/v2\/pages"}],"about":[{"href":"https:\/\/imovinapoliticara.cin.ba\/imovina-sudija-i-tuzilaca\/wp-json\/wp\/v2\/types\/page"}],"author":[{"embeddable":true,"href":"https:\/\/imovinapoliticara.cin.ba\/imovina-sudija-i-tuzilaca\/wp-json\/wp\/v2\/users\/1"}],"replies":[{"embeddable":true,"href":"https:\/\/imovinapoliticara.cin.ba\/imovina-sudija-i-tuzilaca\/wp-json\/wp\/v2\/comments?post=8809"}],"version-history":[{"count":50,"href":"https:\/\/imovinapoliticara.cin.ba\/imovina-sudija-i-tuzilaca\/wp-json\/wp\/v2\/pages\/8809\/revisions"}],"predecessor-version":[{"id":13504,"href":"https:\/\/imovinapoliticara.cin.ba\/imovina-sudija-i-tuzilaca\/wp-json\/wp\/v2\/pages\/8809\/revisions\/13504"}],"wp:attachment":[{"href":"https:\/\/imovinapoliticara.cin.ba\/imovina-sudija-i-tuzilaca\/wp-json\/wp\/v2\/media?parent=8809"}],"curies":[{"name":"wp","href":"https:\/\/api.w.org\/{rel}","templated":true}]}}